{"id":115,"date":"2022-08-24T03:45:18","date_gmt":"2022-08-24T03:45:18","guid":{"rendered":"https:\/\/twardowski-lviv.org\/?page_id=115"},"modified":"2022-08-28T07:20:35","modified_gmt":"2022-08-28T07:20:35","slug":"our-patron","status":"publish","type":"page","link":"https:\/\/twardowski-lviv.org\/pl\/our-patron\/","title":{"rendered":"Nasz patron"},"content":{"rendered":"<div data-elementor-type=\"wp-page\" data-elementor-id=\"115\" class=\"elementor elementor-115\">\n\t\t\t\t\t\t\t\t\t<section class=\"elementor-section elementor-top-section elementor-element elementor-element-6ee1774 elementor-section-boxed elementor-section-height-default elementor-section-height-default\" data-id=\"6ee1774\" data-element_type=\"section\">\n\t\t\t\t\t\t<div class=\"elementor-container elementor-column-gap-default\">\n\t\t\t\t\t<div class=\"elementor-column elementor-col-100 elementor-top-column elementor-element elementor-element-13ec4c5\" data-id=\"13ec4c5\" data-element_type=\"column\">\n\t\t\t<div class=\"elementor-widget-wrap elementor-element-populated\">\n\t\t\t\t\t\t\t\t<div class=\"elementor-element elementor-element-e477b05 elementor-widget elementor-widget-image\" data-id=\"e477b05\" data-element_type=\"widget\" id=\"logo-img\" data-widget_type=\"image.default\">\n\t\t\t\t<div class=\"elementor-widget-container\">\n\t\t\t<style>\/*! elementor - v3.7.2 - 21-08-2022 *\/\n.elementor-widget-image{text-align:center}.elementor-widget-image a{display:inline-block}.elementor-widget-image a img[src$=\".svg\"]{width:48px}.elementor-widget-image img{vertical-align:middle;display:inline-block}<\/style>\t\t\t\t\t\t\t\t\t\t\t\t<img width=\"325\" height=\"159\" src=\"https:\/\/twardowski-lviv.org\/wp-content\/uploads\/2022\/08\/ltf-pl.png\" class=\"attachment-large size-large\" alt=\"\" loading=\"lazy\" srcset=\"https:\/\/twardowski-lviv.org\/wp-content\/uploads\/2022\/08\/ltf-pl.png 379w, https:\/\/twardowski-lviv.org\/wp-content\/uploads\/2022\/08\/ltf-pl-300x126.png 300w, https:\/\/twardowski-lviv.org\/wp-content\/uploads\/2022\/08\/ltf-pl-18x8.png 18w\" sizes=\"(max-width: 325px) 100vw, 325px\" \/>\t\t\t\t\t\t\t\t\t\t\t\t\t\t\t<\/div>\n\t\t\t\t<\/div>\n\t\t\t\t\t<\/div>\n\t\t<\/div>\n\t\t\t\t\t\t\t<\/div>\n\t\t<\/section>\n\t\t\t\t<section class=\"elementor-section elementor-top-section elementor-element elementor-element-c370d93 elementor-section-boxed elementor-section-height-default elementor-section-height-default\" data-id=\"c370d93\" data-element_type=\"section\">\n\t\t\t\t\t\t<div class=\"elementor-container elementor-column-gap-default\">\n\t\t\t\t\t<div class=\"elementor-column elementor-col-50 elementor-top-column elementor-element elementor-element-40dee96\" data-id=\"40dee96\" data-element_type=\"column\">\n\t\t\t<div class=\"elementor-widget-wrap elementor-element-populated\">\n\t\t\t\t\t\t\t\t<div class=\"elementor-element elementor-element-c8fa5a5 elementor-widget elementor-widget-image\" data-id=\"c8fa5a5\" data-element_type=\"widget\" id=\"patron-img\" data-widget_type=\"image.default\">\n\t\t\t\t<div class=\"elementor-widget-container\">\n\t\t\t\t\t\t\t\t\t\t\t\t\t\t\t<img width=\"250\" height=\"356\" src=\"https:\/\/twardowski-lviv.org\/wp-content\/uploads\/2022\/08\/patron.jpg\" class=\"attachment-full size-full\" alt=\"\" loading=\"lazy\" srcset=\"https:\/\/twardowski-lviv.org\/wp-content\/uploads\/2022\/08\/patron.jpg 250w, https:\/\/twardowski-lviv.org\/wp-content\/uploads\/2022\/08\/patron-211x300.jpg 211w, https:\/\/twardowski-lviv.org\/wp-content\/uploads\/2022\/08\/patron-8x12.jpg 8w\" sizes=\"(max-width: 250px) 100vw, 250px\" \/>\t\t\t\t\t\t\t\t\t\t\t\t\t\t\t<\/div>\n\t\t\t\t<\/div>\n\t\t\t\t\t<\/div>\n\t\t<\/div>\n\t\t\t\t<div class=\"elementor-column elementor-col-50 elementor-top-column elementor-element elementor-element-facfe34\" data-id=\"facfe34\" data-element_type=\"column\">\n\t\t\t<div class=\"elementor-widget-wrap elementor-element-populated\">\n\t\t\t\t\t\t\t\t<div class=\"elementor-element elementor-element-9d65bd6 elementor-widget elementor-widget-heading\" data-id=\"9d65bd6\" data-element_type=\"widget\" data-widget_type=\"heading.default\">\n\t\t\t\t<div class=\"elementor-widget-container\">\n\t\t\t<style>\/*! elementor - v3.7.2 - 21-08-2022 *\/\n.elementor-heading-title{padding:0;margin:0;line-height:1}.elementor-widget-heading .elementor-heading-title[class*=elementor-size-]>a{color:inherit;font-size:inherit;line-height:inherit}.elementor-widget-heading .elementor-heading-title.elementor-size-small{font-size:15px}.elementor-widget-heading .elementor-heading-title.elementor-size-medium{font-size:19px}.elementor-widget-heading .elementor-heading-title.elementor-size-large{font-size:29px}.elementor-widget-heading .elementor-heading-title.elementor-size-xl{font-size:39px}.elementor-widget-heading .elementor-heading-title.elementor-size-xxl{font-size:59px}<\/style><h2 class=\"elementor-heading-title elementor-size-default\">Nasz patron\n<\/h2>\t\t<\/div>\n\t\t\t\t<\/div>\n\t\t\t\t<div class=\"elementor-element elementor-element-f0c4951 elementor-widget elementor-widget-text-editor\" data-id=\"f0c4951\" data-element_type=\"widget\" data-widget_type=\"text-editor.default\">\n\t\t\t\t<div class=\"elementor-widget-container\">\n\t\t\t<style>\/*! elementor - v3.7.2 - 21-08-2022 *\/\n.elementor-widget-text-editor.elementor-drop-cap-view-stacked .elementor-drop-cap{background-color:#818a91;color:#fff}.elementor-widget-text-editor.elementor-drop-cap-view-framed .elementor-drop-cap{color:#818a91;border:3px solid;background-color:transparent}.elementor-widget-text-editor:not(.elementor-drop-cap-view-default) .elementor-drop-cap{margin-top:8px}.elementor-widget-text-editor:not(.elementor-drop-cap-view-default) .elementor-drop-cap-letter{width:1em;height:1em}.elementor-widget-text-editor .elementor-drop-cap{float:left;text-align:center;line-height:1;font-size:50px}.elementor-widget-text-editor .elementor-drop-cap-letter{display:inline-block}<\/style>\t\t\t\t<article class=\"patron\"><div class=\"patron_text\"><p>Kazimierz Twardowski (1866, Wiede\u0144 - 1938, Lw\u00f3w) \u2013 polski filozof, za\u0142o\u017cyciel Lwowskiej Szko\u0142y Filozoficznej. Absolwent Wydzia\u0142u Filozofii na Uniwersytecie Wiede\u0144skim, gdzie uzyska\u0142 stopie\u0144 doktora filozofii (1892) i habilitacj\u0119 (1894). Od 1895 r. do ko\u0144ca \u017cycia mieszka\u0142 we Lwowie, prowadz\u0105c aktywn\u0105 dzia\u0142alno\u015b\u0107 pedagogiczn\u0105 (profesor filozofii na Uniwersytecie Lwowskim w latach 1895\u20131931) i organizacyjn\u0105 (za\u0142o\u017cyciel i prezes Polskiego Towarzystwa Filozoficznego we Lwowie w latach 1904\u20131938), za\u0142o\u017cyciel i redaktor naczelny (w latach 1911\u20131938) pierwszego we Lwowie czasopisma filozoficznego, \u201eRuch Filozoficzny\u201d. Twardowski wykszta\u0142ci\u0142 kilka pokole\u0144 wybitnych uczonych, kt\u00f3rzy utworzyli najpot\u0119\u017cniejsz\u0105 formacj\u0119 filozoficzn\u0105 w historii Lwowa \u2013 Lwowsk\u0105 Szko\u0142\u0119 Filozoficzn\u0105 (znan\u0105 na ca\u0142ym \u015bwiecie od lat 50-tych XX wieku pod nazw\u0105 Szko\u0142a Lwowsko-Warszawska). Zosta\u0142 pochowany na \u0421mentarzu \u0141yczakowskim we Lwowie.<\/p><\/div><\/article><div class=\"footer\">\u00a0<\/div>\t\t\t\t\t\t<\/div>\n\t\t\t\t<\/div>\n\t\t\t\t\t<\/div>\n\t\t<\/div>\n\t\t\t\t\t\t\t<\/div>\n\t\t<\/section>\n\t\t\t\t\t\t\t<\/div>","protected":false},"excerpt":{"rendered":"<p>Our patron Kazimierz Twardowski (1866, Vienna &#8211; 1938, Lviv) \u2013 Polish philosopher, founder of the Lviv Philosophical School. A graduate of the Faculty of Philosophy at the University of Vienna, where he obtained a doctorate in philosophy (1892) and habilitation (1894). From 1895 until the end of his life, he lived in Lviv, conducting active [&hellip;]<\/p>","protected":false},"author":1,"featured_media":0,"parent":0,"menu_order":0,"comment_status":"closed","ping_status":"closed","template":"elementor_canvas","meta":{"_mi_skip_tracking":false},"aioseo_notices":[],"_links":{"self":[{"href":"https:\/\/twardowski-lviv.org\/pl\/wp-json\/wp\/v2\/pages\/115"}],"collection":[{"href":"https:\/\/twardowski-lviv.org\/pl\/wp-json\/wp\/v2\/pages"}],"about":[{"href":"https:\/\/twardowski-lviv.org\/pl\/wp-json\/wp\/v2\/types\/page"}],"author":[{"embeddable":true,"href":"https:\/\/twardowski-lviv.org\/pl\/wp-json\/wp\/v2\/users\/1"}],"replies":[{"embeddable":true,"href":"https:\/\/twardowski-lviv.org\/pl\/wp-json\/wp\/v2\/comments?post=115"}],"version-history":[{"count":77,"href":"https:\/\/twardowski-lviv.org\/pl\/wp-json\/wp\/v2\/pages\/115\/revisions"}],"predecessor-version":[{"id":470,"href":"https:\/\/twardowski-lviv.org\/pl\/wp-json\/wp\/v2\/pages\/115\/revisions\/470"}],"wp:attachment":[{"href":"https:\/\/twardowski-lviv.org\/pl\/wp-json\/wp\/v2\/media?parent=115"}],"curies":[{"name":"wp","href":"https:\/\/api.w.org\/{rel}","templated":true}]}}