{"id":120,"date":"2022-08-24T03:46:04","date_gmt":"2022-08-24T03:46:04","guid":{"rendered":"https:\/\/twardowski-lviv.org\/?page_id=120"},"modified":"2022-08-24T07:30:04","modified_gmt":"2022-08-24T07:30:04","slug":"our-history","status":"publish","type":"page","link":"https:\/\/twardowski-lviv.org\/pl\/our-history\/","title":{"rendered":"Nasza historia"},"content":{"rendered":"<div data-elementor-type=\"wp-page\" data-elementor-id=\"120\" class=\"elementor elementor-120\">\n\t\t\t\t\t\t\t\t\t<section class=\"elementor-section elementor-top-section elementor-element elementor-element-06af736 elementor-section-boxed elementor-section-height-default elementor-section-height-default\" data-id=\"06af736\" data-element_type=\"section\">\n\t\t\t\t\t\t<div class=\"elementor-container elementor-column-gap-default\">\n\t\t\t\t\t<div class=\"elementor-column elementor-col-100 elementor-top-column elementor-element elementor-element-e7f4585\" data-id=\"e7f4585\" data-element_type=\"column\">\n\t\t\t<div class=\"elementor-widget-wrap elementor-element-populated\">\n\t\t\t\t\t\t\t\t<div class=\"elementor-element elementor-element-422ef54 elementor-widget elementor-widget-image\" data-id=\"422ef54\" data-element_type=\"widget\" data-widget_type=\"image.default\">\n\t\t\t\t<div class=\"elementor-widget-container\">\n\t\t\t<style>\/*! elementor - v3.7.2 - 21-08-2022 *\/\n.elementor-widget-image{text-align:center}.elementor-widget-image a{display:inline-block}.elementor-widget-image a img[src$=\".svg\"]{width:48px}.elementor-widget-image img{vertical-align:middle;display:inline-block}<\/style>\t\t\t\t\t\t\t\t\t\t\t\t<img width=\"325\" height=\"159\" src=\"https:\/\/twardowski-lviv.org\/wp-content\/uploads\/2022\/08\/ltf-pl.png\" class=\"attachment-large size-large\" alt=\"\" loading=\"lazy\" srcset=\"https:\/\/twardowski-lviv.org\/wp-content\/uploads\/2022\/08\/ltf-pl.png 379w, https:\/\/twardowski-lviv.org\/wp-content\/uploads\/2022\/08\/ltf-pl-300x126.png 300w, https:\/\/twardowski-lviv.org\/wp-content\/uploads\/2022\/08\/ltf-pl-18x8.png 18w\" sizes=\"(max-width: 325px) 100vw, 325px\" \/>\t\t\t\t\t\t\t\t\t\t\t\t\t\t\t<\/div>\n\t\t\t\t<\/div>\n\t\t\t\t\t<\/div>\n\t\t<\/div>\n\t\t\t\t\t\t\t<\/div>\n\t\t<\/section>\n\t\t\t\t<section class=\"elementor-section elementor-top-section elementor-element elementor-element-48f02c8 elementor-section-boxed elementor-section-height-default elementor-section-height-default\" data-id=\"48f02c8\" data-element_type=\"section\">\n\t\t\t\t\t\t<div class=\"elementor-container elementor-column-gap-default\">\n\t\t\t\t\t<div class=\"elementor-column elementor-col-50 elementor-top-column elementor-element elementor-element-c64f738\" data-id=\"c64f738\" data-element_type=\"column\">\n\t\t\t<div class=\"elementor-widget-wrap elementor-element-populated\">\n\t\t\t\t\t\t\t\t<div class=\"elementor-element elementor-element-8bf02c0 elementor-widget elementor-widget-image\" data-id=\"8bf02c0\" data-element_type=\"widget\" data-widget_type=\"image.default\">\n\t\t\t\t<div class=\"elementor-widget-container\">\n\t\t\t\t\t\t\t\t\t\t\t\t\t\t\t<img width=\"602\" height=\"385\" src=\"https:\/\/twardowski-lviv.org\/wp-content\/uploads\/2022\/08\/history.jpg\" class=\"attachment-full size-full\" alt=\"\" loading=\"lazy\" srcset=\"https:\/\/twardowski-lviv.org\/wp-content\/uploads\/2022\/08\/history.jpg 602w, https:\/\/twardowski-lviv.org\/wp-content\/uploads\/2022\/08\/history-300x192.jpg 300w, https:\/\/twardowski-lviv.org\/wp-content\/uploads\/2022\/08\/history-18x12.jpg 18w\" sizes=\"(max-width: 602px) 100vw, 602px\" \/>\t\t\t\t\t\t\t\t\t\t\t\t\t\t\t<\/div>\n\t\t\t\t<\/div>\n\t\t\t\t\t<\/div>\n\t\t<\/div>\n\t\t\t\t<div class=\"elementor-column elementor-col-50 elementor-top-column elementor-element elementor-element-0ec55c8\" data-id=\"0ec55c8\" data-element_type=\"column\">\n\t\t\t<div class=\"elementor-widget-wrap elementor-element-populated\">\n\t\t\t\t\t\t\t\t<div class=\"elementor-element elementor-element-20b78d4 elementor-widget elementor-widget-heading\" data-id=\"20b78d4\" data-element_type=\"widget\" data-widget_type=\"heading.default\">\n\t\t\t\t<div class=\"elementor-widget-container\">\n\t\t\t<style>\/*! elementor - v3.7.2 - 21-08-2022 *\/\n.elementor-heading-title{padding:0;margin:0;line-height:1}.elementor-widget-heading .elementor-heading-title[class*=elementor-size-]>a{color:inherit;font-size:inherit;line-height:inherit}.elementor-widget-heading .elementor-heading-title.elementor-size-small{font-size:15px}.elementor-widget-heading .elementor-heading-title.elementor-size-medium{font-size:19px}.elementor-widget-heading .elementor-heading-title.elementor-size-large{font-size:29px}.elementor-widget-heading .elementor-heading-title.elementor-size-xl{font-size:39px}.elementor-widget-heading .elementor-heading-title.elementor-size-xxl{font-size:59px}<\/style><h2 class=\"elementor-heading-title elementor-size-default\">Nasza historia<\/h2>\t\t<\/div>\n\t\t\t\t<\/div>\n\t\t\t\t<div class=\"elementor-element elementor-element-456992d elementor-widget elementor-widget-text-editor\" data-id=\"456992d\" data-element_type=\"widget\" data-widget_type=\"text-editor.default\">\n\t\t\t\t<div class=\"elementor-widget-container\">\n\t\t\t<style>\/*! elementor - v3.7.2 - 21-08-2022 *\/\n.elementor-widget-text-editor.elementor-drop-cap-view-stacked .elementor-drop-cap{background-color:#818a91;color:#fff}.elementor-widget-text-editor.elementor-drop-cap-view-framed .elementor-drop-cap{color:#818a91;border:3px solid;background-color:transparent}.elementor-widget-text-editor:not(.elementor-drop-cap-view-default) .elementor-drop-cap{margin-top:8px}.elementor-widget-text-editor:not(.elementor-drop-cap-view-default) .elementor-drop-cap-letter{width:1em;height:1em}.elementor-widget-text-editor .elementor-drop-cap{float:left;text-align:center;line-height:1;font-size:50px}.elementor-widget-text-editor .elementor-drop-cap-letter{display:inline-block}<\/style>\t\t\t\t<article class=\"patron\"><div class=\"patron_text\"><article class=\"patron mission_text\"><div class=\"patron_text\"><article class=\"patron mission_text\"><div class=\"patron_text\"><p>Dat\u0105 powo\u0142ania Lwowskiego Towarzystwa Filozoficznego im. K. Twardowskiego by\u0142a 78-ma rocznica \u015bmierci Kazimierza Twardowskiego \u2013 11 lutego 2016 r. Tego dnia w restauracji \u201eGazowa Lampa\u201d we Lwowie odby\u0142o si\u0119 spotkanie Stepana Ivanyka, Huberta Bo\u017cka, Olgi Honcharenko, Jacka Moroza i Maksyma Dzinery. Od tego czasu Towarzystwo rozpocz\u0119\u0142o aktywne dzia\u0142ania informacyjne i organizacyjne, wzmocni\u0142o struktur\u0119 zarz\u0105du, znacznie rozszerzy\u0142o grono swoich cz\u0142onk\u00f3w i cz\u0142onki\u0144 (dzi\u015b obejmuje ponad 80 uczonych z Ukrainy i Polski, a tak\u017ce Austrii, Belgii, Czech, Francji, Irlandii, Kanady, Kazachstanu, Niderland\u00f3w, Niemiec, Rumunii, Stan\u00f3w Zjednoczonych, W\u0119gier i W\u0142och) i otworzy\u0142o swoj\u0105 fili\u0119 w Krakowie. Pierwszym prezesem Towarzystwa zosta\u0142 wybrany jeden z jego wsp\u00f3\u0142za\u0142o\u017cycieli \u2013 Stepan Ivanyk, kt\u00f3rego w 2021 roku na tym stanowisku zmienia Olga Honczarenko.<\/p><\/div><\/article><div class=\"footer\">\u00a0<\/div><\/div><\/article><\/div><\/article>\t\t\t\t\t\t<\/div>\n\t\t\t\t<\/div>\n\t\t\t\t\t<\/div>\n\t\t<\/div>\n\t\t\t\t\t\t\t<\/div>\n\t\t<\/section>\n\t\t\t\t\t\t\t<\/div>","protected":false},"excerpt":{"rendered":"<p>Our history The date of establishment of Kazimierz Twardowski Philosophical Society of Lviv was the 78th anniversary of the death of Kazimierz Twardowski \u2013 February 11, 2016. On this day a meeting of Stepan Ivanyk, Hubert Bo\u017cek, Olga Goncharenko, Jacek Moroz and Maksym Dzinera took place in the restaurant &#8220;Gas Lamp&#8221; in Lviv. Since then, [&hellip;]<\/p>","protected":false},"author":1,"featured_media":0,"parent":0,"menu_order":0,"comment_status":"closed","ping_status":"closed","template":"elementor_canvas","meta":{"_mi_skip_tracking":false},"aioseo_notices":[],"_links":{"self":[{"href":"https:\/\/twardowski-lviv.org\/pl\/wp-json\/wp\/v2\/pages\/120"}],"collection":[{"href":"https:\/\/twardowski-lviv.org\/pl\/wp-json\/wp\/v2\/pages"}],"about":[{"href":"https:\/\/twardowski-lviv.org\/pl\/wp-json\/wp\/v2\/types\/page"}],"author":[{"embeddable":true,"href":"https:\/\/twardowski-lviv.org\/pl\/wp-json\/wp\/v2\/users\/1"}],"replies":[{"embeddable":true,"href":"https:\/\/twardowski-lviv.org\/pl\/wp-json\/wp\/v2\/comments?post=120"}],"version-history":[{"count":4,"href":"https:\/\/twardowski-lviv.org\/pl\/wp-json\/wp\/v2\/pages\/120\/revisions"}],"predecessor-version":[{"id":246,"href":"https:\/\/twardowski-lviv.org\/pl\/wp-json\/wp\/v2\/pages\/120\/revisions\/246"}],"wp:attachment":[{"href":"https:\/\/twardowski-lviv.org\/pl\/wp-json\/wp\/v2\/media?parent=120"}],"curies":[{"name":"wp","href":"https:\/\/api.w.org\/{rel}","templated":true}]}}