{"id":131,"date":"2022-08-24T03:49:03","date_gmt":"2022-08-24T03:49:03","guid":{"rendered":"https:\/\/twardowski-lviv.org\/?page_id=131"},"modified":"2022-08-28T08:17:31","modified_gmt":"2022-08-28T08:17:31","slug":"philosophical-insights","status":"publish","type":"page","link":"https:\/\/twardowski-lviv.org\/pl\/philosophical-insights\/","title":{"rendered":"PHILINS"},"content":{"rendered":"<div data-elementor-type=\"wp-page\" data-elementor-id=\"131\" class=\"elementor elementor-131\">\n\t\t\t\t\t\t\t\t\t<section class=\"elementor-section elementor-top-section elementor-element elementor-element-1d427f8 elementor-section-boxed elementor-section-height-default elementor-section-height-default\" data-id=\"1d427f8\" data-element_type=\"section\">\n\t\t\t\t\t\t<div class=\"elementor-container elementor-column-gap-default\">\n\t\t\t\t\t<div class=\"elementor-column elementor-col-100 elementor-top-column elementor-element elementor-element-e9f3185\" data-id=\"e9f3185\" data-element_type=\"column\">\n\t\t\t<div class=\"elementor-widget-wrap elementor-element-populated\">\n\t\t\t\t\t\t\t\t<div class=\"elementor-element elementor-element-08079a7 elementor-widget elementor-widget-image\" data-id=\"08079a7\" data-element_type=\"widget\" data-widget_type=\"image.default\">\n\t\t\t\t<div class=\"elementor-widget-container\">\n\t\t\t<style>\/*! elementor - v3.7.2 - 21-08-2022 *\/\n.elementor-widget-image{text-align:center}.elementor-widget-image a{display:inline-block}.elementor-widget-image a img[src$=\".svg\"]{width:48px}.elementor-widget-image img{vertical-align:middle;display:inline-block}<\/style>\t\t\t\t\t\t\t\t\t\t\t\t<img width=\"325\" height=\"159\" src=\"https:\/\/twardowski-lviv.org\/wp-content\/uploads\/2022\/08\/ltf-pl.png\" class=\"attachment-large size-large\" alt=\"\" loading=\"lazy\" srcset=\"https:\/\/twardowski-lviv.org\/wp-content\/uploads\/2022\/08\/ltf-pl.png 379w, https:\/\/twardowski-lviv.org\/wp-content\/uploads\/2022\/08\/ltf-pl-300x126.png 300w, https:\/\/twardowski-lviv.org\/wp-content\/uploads\/2022\/08\/ltf-pl-18x8.png 18w\" sizes=\"(max-width: 325px) 100vw, 325px\" \/>\t\t\t\t\t\t\t\t\t\t\t\t\t\t\t<\/div>\n\t\t\t\t<\/div>\n\t\t\t\t\t<\/div>\n\t\t<\/div>\n\t\t\t\t\t\t\t<\/div>\n\t\t<\/section>\n\t\t\t\t<section class=\"elementor-section elementor-top-section elementor-element elementor-element-7bcc11c elementor-section-boxed elementor-section-height-default elementor-section-height-default\" data-id=\"7bcc11c\" data-element_type=\"section\">\n\t\t\t\t\t\t<div class=\"elementor-container elementor-column-gap-default\">\n\t\t\t\t\t<div class=\"elementor-column elementor-col-100 elementor-top-column elementor-element elementor-element-b10ec90\" data-id=\"b10ec90\" data-element_type=\"column\">\n\t\t\t<div class=\"elementor-widget-wrap elementor-element-populated\">\n\t\t\t\t\t\t\t\t<div class=\"elementor-element elementor-element-659c46a elementor-widget elementor-widget-heading\" data-id=\"659c46a\" data-element_type=\"widget\" data-widget_type=\"heading.default\">\n\t\t\t\t<div class=\"elementor-widget-container\">\n\t\t\t<style>\/*! elementor - v3.7.2 - 21-08-2022 *\/\n.elementor-heading-title{padding:0;margin:0;line-height:1}.elementor-widget-heading .elementor-heading-title[class*=elementor-size-]>a{color:inherit;font-size:inherit;line-height:inherit}.elementor-widget-heading .elementor-heading-title.elementor-size-small{font-size:15px}.elementor-widget-heading .elementor-heading-title.elementor-size-medium{font-size:19px}.elementor-widget-heading .elementor-heading-title.elementor-size-large{font-size:29px}.elementor-widget-heading .elementor-heading-title.elementor-size-xl{font-size:39px}.elementor-widget-heading .elementor-heading-title.elementor-size-xxl{font-size:59px}<\/style><h2 class=\"elementor-heading-title elementor-size-default\">PHILINS (Philosophical Insights. Inspirations from the Lviv-Warsaw School) <\/h2>\t\t<\/div>\n\t\t\t\t<\/div>\n\t\t\t\t<div class=\"elementor-element elementor-element-33db158 elementor-widget elementor-widget-text-editor\" data-id=\"33db158\" data-element_type=\"widget\" data-widget_type=\"text-editor.default\">\n\t\t\t\t<div class=\"elementor-widget-container\">\n\t\t\t<style>\/*! elementor - v3.7.2 - 21-08-2022 *\/\n.elementor-widget-text-editor.elementor-drop-cap-view-stacked .elementor-drop-cap{background-color:#818a91;color:#fff}.elementor-widget-text-editor.elementor-drop-cap-view-framed .elementor-drop-cap{color:#818a91;border:3px solid;background-color:transparent}.elementor-widget-text-editor:not(.elementor-drop-cap-view-default) .elementor-drop-cap{margin-top:8px}.elementor-widget-text-editor:not(.elementor-drop-cap-view-default) .elementor-drop-cap-letter{width:1em;height:1em}.elementor-widget-text-editor .elementor-drop-cap{float:left;text-align:center;line-height:1;font-size:50px}.elementor-widget-text-editor .elementor-drop-cap-letter{display:inline-block}<\/style>\t\t\t\tKonferencja pocz\u0105tkowo pomy\u015blana jako wydarzenie wewn\u0119trzne Lwowskiego Towarzystwa Filozoficznego im. K. Twardowskiego, maj\u0105ca na celu ustanowienie tradycji corocznego spotkania cz\u0142onk\u00f3w Towarzystwa we Lwowie w celu prezentacji i dyskusji na temat ich najnowszych osi\u0105gni\u0119\u0107 naukowych oraz filozoficznych pomys\u0142\u00f3w. Pierwsza konferencja odby\u0142a si\u0119 w Centrum Historii Miejskiej Europy \u015arodkowo-Wschodniej we Lwowie w czerwcu 2019 r. W nast\u0119pnych latach konferencja nie odby\u0142a si\u0119 z powodu najpierw pandemii COVID-19, a nast\u0119pnie te\u017c inwazji rosyjskiej na Ukrain\u0119. Komitetowi organizacyjnemu PHILINS przewodniczy jeden ze wsp\u00f3\u0142za\u0142o\u017cycieli Towarzystwa \u2013 Hubert Bo\u017cek. Sekretark\u0105 konferencji jest Aleksandra Gomu\u0142czak.\t\t\t\t\t\t<\/div>\n\t\t\t\t<\/div>\n\t\t\t\t\t<\/div>\n\t\t<\/div>\n\t\t\t\t\t\t\t<\/div>\n\t\t<\/section>\n\t\t\t\t<section class=\"elementor-section elementor-top-section elementor-element elementor-element-8db6f2f elementor-section-boxed elementor-section-height-default elementor-section-height-default\" data-id=\"8db6f2f\" data-element_type=\"section\">\n\t\t\t\t\t\t<div class=\"elementor-container elementor-column-gap-default\">\n\t\t\t\t\t<div class=\"elementor-column elementor-col-100 elementor-top-column elementor-element elementor-element-a6bb7b4\" data-id=\"a6bb7b4\" data-element_type=\"column\">\n\t\t\t<div class=\"elementor-widget-wrap elementor-element-populated\">\n\t\t\t\t\t\t\t\t<div class=\"elementor-element elementor-element-90a3ec6 elementor-widget elementor-widget-heading\" data-id=\"90a3ec6\" data-element_type=\"widget\" data-widget_type=\"heading.default\">\n\t\t\t\t<div class=\"elementor-widget-container\">\n\t\t\t<h2 class=\"elementor-heading-title elementor-size-default\">I PHILINS<\/h2>\t\t<\/div>\n\t\t\t\t<\/div>\n\t\t\t\t\t<\/div>\n\t\t<\/div>\n\t\t\t\t\t\t\t<\/div>\n\t\t<\/section>\n\t\t\t\t<section class=\"elementor-section elementor-top-section elementor-element elementor-element-cb2e560 elementor-section-boxed elementor-section-height-default elementor-section-height-default\" data-id=\"cb2e560\" data-element_type=\"section\">\n\t\t\t\t\t\t<div class=\"elementor-container elementor-column-gap-default\">\n\t\t\t\t\t<div class=\"elementor-column elementor-col-100 elementor-top-column elementor-element elementor-element-169bb6e\" data-id=\"169bb6e\" data-element_type=\"column\">\n\t\t\t<div class=\"elementor-widget-wrap elementor-element-populated\">\n\t\t\t\t\t\t\t\t<div class=\"elementor-element elementor-element-4b4e50e elementor-widget elementor-widget-heading\" data-id=\"4b4e50e\" data-element_type=\"widget\" data-widget_type=\"heading.default\">\n\t\t\t\t<div class=\"elementor-widget-container\">\n\t\t\t<h2 class=\"elementor-heading-title elementor-size-default\">(29-30.06.2019)<\/h2>\t\t<\/div>\n\t\t\t\t<\/div>\n\t\t\t\t\t<\/div>\n\t\t<\/div>\n\t\t\t\t\t\t\t<\/div>\n\t\t<\/section>\n\t\t\t\t<section class=\"elementor-section elementor-top-section elementor-element elementor-element-7919ed1 elementor-section-boxed elementor-section-height-default elementor-section-height-default\" data-id=\"7919ed1\" data-element_type=\"section\">\n\t\t\t\t\t\t<div class=\"elementor-container elementor-column-gap-default\">\n\t\t\t\t\t<div class=\"elementor-column elementor-col-100 elementor-top-column elementor-element elementor-element-4d829a8\" data-id=\"4d829a8\" data-element_type=\"column\">\n\t\t\t<div class=\"elementor-widget-wrap elementor-element-populated\">\n\t\t\t\t\t\t\t\t<div class=\"elementor-element elementor-element-642a585 elementor-widget elementor-widget-heading\" data-id=\"642a585\" data-element_type=\"widget\" data-widget_type=\"heading.default\">\n\t\t\t\t<div class=\"elementor-widget-container\">\n\t\t\t<h2 class=\"elementor-heading-title elementor-size-default\"><a href=\"https:\/\/twardowski-lviv.org\/wp-content\/uploads\/2022\/08\/PhilIns-2019-\u043f\u0440\u043e\u0433\u0440\u0430\u043c\u0430-\u0456-\u0442\u0435\u0437\u0438.pdf\" target=\"_blank\">Program i streszczenia <\/a><\/h2>\t\t<\/div>\n\t\t\t\t<\/div>\n\t\t\t\t\t<\/div>\n\t\t<\/div>\n\t\t\t\t\t\t\t<\/div>\n\t\t<\/section>\n\t\t\t\t<section class=\"elementor-section elementor-top-section elementor-element elementor-element-32b1778 elementor-section-boxed elementor-section-height-default elementor-section-height-default\" data-id=\"32b1778\" data-element_type=\"section\">\n\t\t\t\t\t\t<div class=\"elementor-container elementor-column-gap-default\">\n\t\t\t\t\t<div class=\"elementor-column elementor-col-100 elementor-top-column elementor-element elementor-element-deb1b3e\" data-id=\"deb1b3e\" data-element_type=\"column\">\n\t\t\t<div class=\"elementor-widget-wrap elementor-element-populated\">\n\t\t\t\t\t\t\t\t<div class=\"elementor-element elementor-element-ebcefb8 elementor-widget elementor-widget-heading\" data-id=\"ebcefb8\" data-element_type=\"widget\" data-widget_type=\"heading.default\">\n\t\t\t\t<div class=\"elementor-widget-container\">\n\t\t\t<h2 class=\"elementor-heading-title elementor-size-default\"><a href=\"https:\/\/twardowski-lviv.org\/wp-content\/uploads\/2022\/08\/PhilIns-2019-\u043e\u0433\u043b\u044f\u0434.pdf\" target=\"_blank\">Relacja<\/a><\/h2>\t\t<\/div>\n\t\t\t\t<\/div>\n\t\t\t\t\t<\/div>\n\t\t<\/div>\n\t\t\t\t\t\t\t<\/div>\n\t\t<\/section>\n\t\t\t\t<section class=\"elementor-section elementor-top-section elementor-element elementor-element-4d0782d elementor-section-boxed elementor-section-height-default elementor-section-height-default\" data-id=\"4d0782d\" data-element_type=\"section\">\n\t\t\t\t\t\t<div class=\"elementor-container elementor-column-gap-default\">\n\t\t\t\t\t<div class=\"elementor-column elementor-col-100 elementor-top-column elementor-element elementor-element-7828d3c\" data-id=\"7828d3c\" data-element_type=\"column\">\n\t\t\t<div class=\"elementor-widget-wrap elementor-element-populated\">\n\t\t\t\t\t\t\t\t<div class=\"elementor-element elementor-element-9384df8 elementor-widget elementor-widget-heading\" data-id=\"9384df8\" data-element_type=\"widget\" data-widget_type=\"heading.default\">\n\t\t\t\t<div class=\"elementor-widget-container\">\n\t\t\t<h2 class=\"elementor-heading-title elementor-size-default\">Galeria zdj\u0119\u0107<\/h2>\t\t<\/div>\n\t\t\t\t<\/div>\n\t\t\t\t\t<\/div>\n\t\t<\/div>\n\t\t\t\t\t\t\t<\/div>\n\t\t<\/section>\n\t\t\t\t<section class=\"elementor-section elementor-top-section elementor-element elementor-element-f4030d2 elementor-section-boxed elementor-section-height-default elementor-section-height-default\" data-id=\"f4030d2\" data-element_type=\"section\">\n\t\t\t\t\t\t<div class=\"elementor-container elementor-column-gap-default\">\n\t\t\t\t\t<div class=\"elementor-column elementor-col-100 elementor-top-column elementor-element elementor-element-91ae170\" data-id=\"91ae170\" data-element_type=\"column\">\n\t\t\t<div class=\"elementor-widget-wrap elementor-element-populated\">\n\t\t\t\t\t\t\t\t<div class=\"elementor-element elementor-element-3546f78 elementor-widget elementor-widget-image\" data-id=\"3546f78\" data-element_type=\"widget\" data-widget_type=\"image.default\">\n\t\t\t\t<div class=\"elementor-widget-container\">\n\t\t\t\t\t\t\t\t\t\t\t\t\t\t\t<img width=\"800\" height=\"510\" src=\"https:\/\/twardowski-lviv.org\/wp-content\/uploads\/2022\/08\/IMG_8949-1024x653.jpg\" class=\"attachment-large size-large\" alt=\"\" loading=\"lazy\" srcset=\"https:\/\/twardowski-lviv.org\/wp-content\/uploads\/2022\/08\/IMG_8949-1024x653.jpg 1024w, https:\/\/twardowski-lviv.org\/wp-content\/uploads\/2022\/08\/IMG_8949-300x191.jpg 300w, https:\/\/twardowski-lviv.org\/wp-content\/uploads\/2022\/08\/IMG_8949-768x490.jpg 768w, https:\/\/twardowski-lviv.org\/wp-content\/uploads\/2022\/08\/IMG_8949-1536x980.jpg 1536w, https:\/\/twardowski-lviv.org\/wp-content\/uploads\/2022\/08\/IMG_8949-2048x1307.jpg 2048w, https:\/\/twardowski-lviv.org\/wp-content\/uploads\/2022\/08\/IMG_8949-18x12.jpg 18w\" sizes=\"(max-width: 800px) 100vw, 800px\" \/>\t\t\t\t\t\t\t\t\t\t\t\t\t\t\t<\/div>\n\t\t\t\t<\/div>\n\t\t\t\t\t<\/div>\n\t\t<\/div>\n\t\t\t\t\t\t\t<\/div>\n\t\t<\/section>\n\t\t\t\t\t\t\t<\/div>","protected":false},"excerpt":{"rendered":"<p>PHILINS (Philosophical Insights. Inspirations from the Lviv-Warsaw School) The conference was initially intended as an internal event of the Kazimierz Twardowski Philosophical Society of Lviv, aimed at establishing the tradition of the annual meeting of the members of the Society in Lviv in order to present and discuss their latest research and philosophical ideas. The [&hellip;]<\/p>","protected":false},"author":1,"featured_media":0,"parent":0,"menu_order":0,"comment_status":"closed","ping_status":"closed","template":"elementor_canvas","meta":{"_mi_skip_tracking":false},"aioseo_notices":[],"_links":{"self":[{"href":"https:\/\/twardowski-lviv.org\/pl\/wp-json\/wp\/v2\/pages\/131"}],"collection":[{"href":"https:\/\/twardowski-lviv.org\/pl\/wp-json\/wp\/v2\/pages"}],"about":[{"href":"https:\/\/twardowski-lviv.org\/pl\/wp-json\/wp\/v2\/types\/page"}],"author":[{"embeddable":true,"href":"https:\/\/twardowski-lviv.org\/pl\/wp-json\/wp\/v2\/users\/1"}],"replies":[{"embeddable":true,"href":"https:\/\/twardowski-lviv.org\/pl\/wp-json\/wp\/v2\/comments?post=131"}],"version-history":[{"count":13,"href":"https:\/\/twardowski-lviv.org\/pl\/wp-json\/wp\/v2\/pages\/131\/revisions"}],"predecessor-version":[{"id":527,"href":"https:\/\/twardowski-lviv.org\/pl\/wp-json\/wp\/v2\/pages\/131\/revisions\/527"}],"wp:attachment":[{"href":"https:\/\/twardowski-lviv.org\/pl\/wp-json\/wp\/v2\/media?parent=131"}],"curies":[{"name":"wp","href":"https:\/\/api.w.org\/{rel}","templated":true}]}}