{"id":135,"date":"2022-08-24T03:49:47","date_gmt":"2022-08-24T03:49:47","guid":{"rendered":"https:\/\/twardowski-lviv.org\/?page_id=135"},"modified":"2022-08-28T08:29:08","modified_gmt":"2022-08-28T08:29:08","slug":"colloquium-in-memoriam-of-kazimierz-twardowski","status":"publish","type":"page","link":"https:\/\/twardowski-lviv.org\/pl\/colloquium-in-memoriam-of-kazimierz-twardowski\/","title":{"rendered":"Odczyty po\u015bwi\u0119cone pami\u0119ci Kazimierza Twardowskiego"},"content":{"rendered":"<div data-elementor-type=\"wp-page\" data-elementor-id=\"135\" class=\"elementor elementor-135\">\n\t\t\t\t\t\t\t\t\t<section class=\"elementor-section elementor-top-section elementor-element elementor-element-9976873 elementor-section-boxed elementor-section-height-default elementor-section-height-default\" data-id=\"9976873\" data-element_type=\"section\">\n\t\t\t\t\t\t<div class=\"elementor-container elementor-column-gap-default\">\n\t\t\t\t\t<div class=\"elementor-column elementor-col-100 elementor-top-column elementor-element elementor-element-b767263\" data-id=\"b767263\" data-element_type=\"column\">\n\t\t\t<div class=\"elementor-widget-wrap elementor-element-populated\">\n\t\t\t\t\t\t\t\t<div class=\"elementor-element elementor-element-853c055 elementor-widget elementor-widget-image\" data-id=\"853c055\" data-element_type=\"widget\" data-widget_type=\"image.default\">\n\t\t\t\t<div class=\"elementor-widget-container\">\n\t\t\t<style>\/*! elementor - v3.7.2 - 21-08-2022 *\/\n.elementor-widget-image{text-align:center}.elementor-widget-image a{display:inline-block}.elementor-widget-image a img[src$=\".svg\"]{width:48px}.elementor-widget-image img{vertical-align:middle;display:inline-block}<\/style>\t\t\t\t\t\t\t\t\t\t\t\t<img width=\"325\" height=\"159\" src=\"https:\/\/twardowski-lviv.org\/wp-content\/uploads\/2022\/08\/ltf-pl.png\" class=\"attachment-large size-large\" alt=\"\" loading=\"lazy\" srcset=\"https:\/\/twardowski-lviv.org\/wp-content\/uploads\/2022\/08\/ltf-pl.png 379w, https:\/\/twardowski-lviv.org\/wp-content\/uploads\/2022\/08\/ltf-pl-300x126.png 300w, https:\/\/twardowski-lviv.org\/wp-content\/uploads\/2022\/08\/ltf-pl-18x8.png 18w\" sizes=\"(max-width: 325px) 100vw, 325px\" \/>\t\t\t\t\t\t\t\t\t\t\t\t\t\t\t<\/div>\n\t\t\t\t<\/div>\n\t\t\t\t\t<\/div>\n\t\t<\/div>\n\t\t\t\t\t\t\t<\/div>\n\t\t<\/section>\n\t\t\t\t<section class=\"elementor-section elementor-top-section elementor-element elementor-element-4f9f0c5 elementor-section-boxed elementor-section-height-default elementor-section-height-default\" data-id=\"4f9f0c5\" data-element_type=\"section\">\n\t\t\t\t\t\t<div class=\"elementor-container elementor-column-gap-default\">\n\t\t\t\t\t<div class=\"elementor-column elementor-col-100 elementor-top-column elementor-element elementor-element-c03310e\" data-id=\"c03310e\" data-element_type=\"column\">\n\t\t\t<div class=\"elementor-widget-wrap elementor-element-populated\">\n\t\t\t\t\t\t\t\t<div class=\"elementor-element elementor-element-ef1edcc elementor-widget elementor-widget-heading\" data-id=\"ef1edcc\" data-element_type=\"widget\" data-widget_type=\"heading.default\">\n\t\t\t\t<div class=\"elementor-widget-container\">\n\t\t\t<style>\/*! elementor - v3.7.2 - 21-08-2022 *\/\n.elementor-heading-title{padding:0;margin:0;line-height:1}.elementor-widget-heading .elementor-heading-title[class*=elementor-size-]>a{color:inherit;font-size:inherit;line-height:inherit}.elementor-widget-heading .elementor-heading-title.elementor-size-small{font-size:15px}.elementor-widget-heading .elementor-heading-title.elementor-size-medium{font-size:19px}.elementor-widget-heading .elementor-heading-title.elementor-size-large{font-size:29px}.elementor-widget-heading .elementor-heading-title.elementor-size-xl{font-size:39px}.elementor-widget-heading .elementor-heading-title.elementor-size-xxl{font-size:59px}<\/style><h2 class=\"elementor-heading-title elementor-size-default\">Odczyty po\u015bwi\u0119cone pami\u0119ci Kazimierza Twardowskiego<\/h2>\t\t<\/div>\n\t\t\t\t<\/div>\n\t\t\t\t<div class=\"elementor-element elementor-element-cd0a61c elementor-widget elementor-widget-text-editor\" data-id=\"cd0a61c\" data-element_type=\"widget\" data-widget_type=\"text-editor.default\">\n\t\t\t\t<div class=\"elementor-widget-container\">\n\t\t\t<style>\/*! elementor - v3.7.2 - 21-08-2022 *\/\n.elementor-widget-text-editor.elementor-drop-cap-view-stacked .elementor-drop-cap{background-color:#818a91;color:#fff}.elementor-widget-text-editor.elementor-drop-cap-view-framed .elementor-drop-cap{color:#818a91;border:3px solid;background-color:transparent}.elementor-widget-text-editor:not(.elementor-drop-cap-view-default) .elementor-drop-cap{margin-top:8px}.elementor-widget-text-editor:not(.elementor-drop-cap-view-default) .elementor-drop-cap-letter{width:1em;height:1em}.elementor-widget-text-editor .elementor-drop-cap{float:left;text-align:center;line-height:1;font-size:50px}.elementor-widget-text-editor .elementor-drop-cap-letter{display:inline-block}<\/style>\t\t\t\t<p>Odczyty po\u015bwi\u0119cone pami\u0119ci Kazimierza Twardowskiego\u201d to coroczna konferencja zapocz\u0105tkowana przez znanego badacza Szko\u0142y Lwowsko-Warszawskiej \u2013 Borysa Dombrovskiego, kt\u00f3ra regularnie odbywa\u0142a si\u0119 we Lwowie w latach 1988-2018 w rocznic\u0119 \u015bmierci Kazimierza Twardowskiego - 11 lutego. Od 2003 r. g\u0142\u00f3wnym organizatorem Odczyt\u00f3w by\u0142a Katedra Filozofii Politechniki Lwowskiej, za\u015b komitetem organizacyjnym kierowa\u0142 profesor Viktor Petrushenko. Lwowskie Towarzystwo Filozoficzne im. K. Twardowskiego wsp\u00f3\u0142organizowa\u0142o XXIX-te Odczyty w 2017 roku i by\u0142o g\u0142\u00f3wnym organizatorem jubileuszowych XXX-tych Odczyt\u00f3w w 2018 roku. Tematy Odczyt\u00f3w nie ogranicza\u0142y si\u0119 do filozofii Szko\u0142y Lwowsko-Warszawskiej, lecz dotyczy\u0142y najszerszego zakresu aktualnych zagadnie\u0144 filozoficznych.<\/p>\t\t\t\t\t\t<\/div>\n\t\t\t\t<\/div>\n\t\t\t\t\t<\/div>\n\t\t<\/div>\n\t\t\t\t\t\t\t<\/div>\n\t\t<\/section>\n\t\t\t\t<section class=\"elementor-section elementor-top-section elementor-element elementor-element-3c57a83 elementor-section-boxed elementor-section-height-default elementor-section-height-default\" data-id=\"3c57a83\" data-element_type=\"section\">\n\t\t\t\t\t\t<div class=\"elementor-container elementor-column-gap-default\">\n\t\t\t\t\t<div class=\"elementor-column elementor-col-100 elementor-top-column elementor-element elementor-element-8a6bba9\" data-id=\"8a6bba9\" data-element_type=\"column\">\n\t\t\t<div class=\"elementor-widget-wrap elementor-element-populated\">\n\t\t\t\t\t\t\t\t<div class=\"elementor-element elementor-element-c5762ee elementor-widget elementor-widget-heading\" data-id=\"c5762ee\" data-element_type=\"widget\" data-widget_type=\"heading.default\">\n\t\t\t\t<div class=\"elementor-widget-container\">\n\t\t\t<h2 class=\"elementor-heading-title elementor-size-default\">\u0425\u0425\u0406\u0425 Odczyty po\u015bwi\u0119cone pami\u0119ci Kazimierza Twardowskiego\n<\/h2>\t\t<\/div>\n\t\t\t\t<\/div>\n\t\t\t\t\t<\/div>\n\t\t<\/div>\n\t\t\t\t\t\t\t<\/div>\n\t\t<\/section>\n\t\t\t\t<section class=\"elementor-section elementor-top-section elementor-element elementor-element-294da12 elementor-section-boxed elementor-section-height-default elementor-section-height-default\" data-id=\"294da12\" data-element_type=\"section\">\n\t\t\t\t\t\t<div class=\"elementor-container elementor-column-gap-default\">\n\t\t\t\t\t<div class=\"elementor-column elementor-col-100 elementor-top-column elementor-element elementor-element-b345a5c\" data-id=\"b345a5c\" data-element_type=\"column\">\n\t\t\t<div class=\"elementor-widget-wrap elementor-element-populated\">\n\t\t\t\t\t\t\t\t<div class=\"elementor-element elementor-element-217b317 elementor-widget elementor-widget-heading\" data-id=\"217b317\" data-element_type=\"widget\" data-widget_type=\"heading.default\">\n\t\t\t\t<div class=\"elementor-widget-container\">\n\t\t\t<h2 class=\"elementor-heading-title elementor-size-default\">(10-11.02.2017)<\/h2>\t\t<\/div>\n\t\t\t\t<\/div>\n\t\t\t\t\t<\/div>\n\t\t<\/div>\n\t\t\t\t\t\t\t<\/div>\n\t\t<\/section>\n\t\t\t\t<section class=\"elementor-section elementor-top-section elementor-element elementor-element-9a5c803 elementor-section-boxed elementor-section-height-default elementor-section-height-default\" data-id=\"9a5c803\" data-element_type=\"section\">\n\t\t\t\t\t\t<div class=\"elementor-container elementor-column-gap-default\">\n\t\t\t\t\t<div class=\"elementor-column elementor-col-100 elementor-top-column elementor-element elementor-element-5ad582c\" data-id=\"5ad582c\" data-element_type=\"column\">\n\t\t\t<div class=\"elementor-widget-wrap elementor-element-populated\">\n\t\t\t\t\t\t\t\t<div class=\"elementor-element elementor-element-0179158 elementor-widget elementor-widget-heading\" data-id=\"0179158\" data-element_type=\"widget\" data-widget_type=\"heading.default\">\n\t\t\t\t<div class=\"elementor-widget-container\">\n\t\t\t<h2 class=\"elementor-heading-title elementor-size-default\"><a href=\"https:\/\/twardowski-lviv.org\/wp-content\/uploads\/2022\/08\/\u0425\u0406\u0425\u0425-\u0427\u0438\u0442\u0430\u043d\u043d\u044f-\u043f\u0440\u043e\u0433\u0440\u0430\u043c\u0430.pdf\" target=\"_blank\">Program<\/a><\/h2>\t\t<\/div>\n\t\t\t\t<\/div>\n\t\t\t\t\t<\/div>\n\t\t<\/div>\n\t\t\t\t\t\t\t<\/div>\n\t\t<\/section>\n\t\t\t\t<section class=\"elementor-section elementor-top-section elementor-element elementor-element-f11aa4f elementor-section-boxed elementor-section-height-default elementor-section-height-default\" data-id=\"f11aa4f\" data-element_type=\"section\">\n\t\t\t\t\t\t<div class=\"elementor-container elementor-column-gap-default\">\n\t\t\t\t\t<div class=\"elementor-column elementor-col-100 elementor-top-column elementor-element elementor-element-b62a539\" data-id=\"b62a539\" data-element_type=\"column\">\n\t\t\t<div class=\"elementor-widget-wrap elementor-element-populated\">\n\t\t\t\t\t\t\t\t<div class=\"elementor-element elementor-element-63c5564 elementor-widget elementor-widget-heading\" data-id=\"63c5564\" data-element_type=\"widget\" data-widget_type=\"heading.default\">\n\t\t\t\t<div class=\"elementor-widget-container\">\n\t\t\t<h2 class=\"elementor-heading-title elementor-size-default\">\u0425\u0425\u0425 Odczyty po\u015bwi\u0119cone pami\u0119ci Kazimierza Twardowskiego\n<\/h2>\t\t<\/div>\n\t\t\t\t<\/div>\n\t\t\t\t\t<\/div>\n\t\t<\/div>\n\t\t\t\t\t\t\t<\/div>\n\t\t<\/section>\n\t\t\t\t<section class=\"elementor-section elementor-top-section elementor-element elementor-element-e78ef59 elementor-section-boxed elementor-section-height-default elementor-section-height-default\" data-id=\"e78ef59\" data-element_type=\"section\">\n\t\t\t\t\t\t<div class=\"elementor-container elementor-column-gap-default\">\n\t\t\t\t\t<div class=\"elementor-column elementor-col-100 elementor-top-column elementor-element elementor-element-1cf6992\" data-id=\"1cf6992\" data-element_type=\"column\">\n\t\t\t<div class=\"elementor-widget-wrap elementor-element-populated\">\n\t\t\t\t\t\t\t\t<div class=\"elementor-element elementor-element-41948d7 elementor-widget elementor-widget-heading\" data-id=\"41948d7\" data-element_type=\"widget\" data-widget_type=\"heading.default\">\n\t\t\t\t<div class=\"elementor-widget-container\">\n\t\t\t<h2 class=\"elementor-heading-title elementor-size-default\">(10-12.02.2018)<\/h2>\t\t<\/div>\n\t\t\t\t<\/div>\n\t\t\t\t\t<\/div>\n\t\t<\/div>\n\t\t\t\t\t\t\t<\/div>\n\t\t<\/section>\n\t\t\t\t<section class=\"elementor-section elementor-top-section elementor-element elementor-element-131dec2 elementor-section-boxed elementor-section-height-default elementor-section-height-default\" data-id=\"131dec2\" data-element_type=\"section\">\n\t\t\t\t\t\t<div class=\"elementor-container elementor-column-gap-default\">\n\t\t\t\t\t<div class=\"elementor-column elementor-col-100 elementor-top-column elementor-element elementor-element-bf12d7d\" data-id=\"bf12d7d\" data-element_type=\"column\">\n\t\t\t<div class=\"elementor-widget-wrap elementor-element-populated\">\n\t\t\t\t\t\t\t\t<div class=\"elementor-element elementor-element-eb7f228 elementor-widget elementor-widget-heading\" data-id=\"eb7f228\" data-element_type=\"widget\" data-widget_type=\"heading.default\">\n\t\t\t\t<div class=\"elementor-widget-container\">\n\t\t\t<h2 class=\"elementor-heading-title elementor-size-default\"><a href=\"https:\/\/twardowski-lviv.org\/wp-content\/uploads\/2022\/08\/\u0425\u0425\u0425-\u0427\u0438\u0442\u0430\u043d\u043d\u044f-\u043f\u0440\u043e\u0433\u0440\u0430\u043c\u0430-\u0456-\u0442\u0435\u0437\u0438.pdf\" target=\"_blank\">Program i streszczenia <\/a><\/h2>\t\t<\/div>\n\t\t\t\t<\/div>\n\t\t\t\t\t<\/div>\n\t\t<\/div>\n\t\t\t\t\t\t\t<\/div>\n\t\t<\/section>\n\t\t\t\t<section class=\"elementor-section elementor-top-section elementor-element elementor-element-ab4556a elementor-section-boxed elementor-section-height-default elementor-section-height-default\" data-id=\"ab4556a\" data-element_type=\"section\">\n\t\t\t\t\t\t<div class=\"elementor-container elementor-column-gap-default\">\n\t\t\t\t\t<div class=\"elementor-column elementor-col-100 elementor-top-column elementor-element elementor-element-2e9ebf2\" data-id=\"2e9ebf2\" data-element_type=\"column\">\n\t\t\t<div class=\"elementor-widget-wrap elementor-element-populated\">\n\t\t\t\t\t\t\t\t<div class=\"elementor-element elementor-element-b8475a7 elementor-widget elementor-widget-heading\" data-id=\"b8475a7\" data-element_type=\"widget\" data-widget_type=\"heading.default\">\n\t\t\t\t<div class=\"elementor-widget-container\">\n\t\t\t<h2 class=\"elementor-heading-title elementor-size-default\"><a href=\"https:\/\/twardowski-lviv.org\/wp-content\/uploads\/2022\/08\/XXX-\u0427\u0438\u0442\u0430\u043d\u043d\u044f-\u043e\u0433\u043b\u044f\u0434.pdf\" target=\"_blank\">Relacja<\/a><\/h2>\t\t<\/div>\n\t\t\t\t<\/div>\n\t\t\t\t\t<\/div>\n\t\t<\/div>\n\t\t\t\t\t\t\t<\/div>\n\t\t<\/section>\n\t\t\t\t<section class=\"elementor-section elementor-top-section elementor-element elementor-element-043b08f elementor-section-boxed elementor-section-height-default elementor-section-height-default\" data-id=\"043b08f\" data-element_type=\"section\">\n\t\t\t\t\t\t<div class=\"elementor-container elementor-column-gap-default\">\n\t\t\t\t\t<div class=\"elementor-column elementor-col-100 elementor-top-column elementor-element elementor-element-c6796c0\" data-id=\"c6796c0\" data-element_type=\"column\">\n\t\t\t<div class=\"elementor-widget-wrap elementor-element-populated\">\n\t\t\t\t\t\t\t\t<div class=\"elementor-element elementor-element-4203550 elementor-widget elementor-widget-heading\" data-id=\"4203550\" data-element_type=\"widget\" data-widget_type=\"heading.default\">\n\t\t\t\t<div class=\"elementor-widget-container\">\n\t\t\t<h2 class=\"elementor-heading-title elementor-size-default\">Galeria zdj\u0119\u0107<\/h2>\t\t<\/div>\n\t\t\t\t<\/div>\n\t\t\t\t\t<\/div>\n\t\t<\/div>\n\t\t\t\t\t\t\t<\/div>\n\t\t<\/section>\n\t\t\t\t<section class=\"elementor-section elementor-top-section elementor-element elementor-element-96945bd elementor-section-boxed elementor-section-height-default elementor-section-height-default\" data-id=\"96945bd\" data-element_type=\"section\">\n\t\t\t\t\t\t<div class=\"elementor-container elementor-column-gap-default\">\n\t\t\t\t\t<div class=\"elementor-column elementor-col-100 elementor-top-column elementor-element elementor-element-f106f01\" data-id=\"f106f01\" data-element_type=\"column\">\n\t\t\t<div class=\"elementor-widget-wrap elementor-element-populated\">\n\t\t\t\t\t\t\t\t<div class=\"elementor-element elementor-element-3252929 elementor-pagination-position-outside elementor-widget elementor-widget-image-carousel\" data-id=\"3252929\" data-element_type=\"widget\" data-settings=\"{&quot;slides_to_show&quot;:&quot;1&quot;,&quot;navigation&quot;:&quot;dots&quot;,&quot;lazyload&quot;:&quot;yes&quot;,&quot;autoplay_speed&quot;:2000,&quot;autoplay&quot;:&quot;yes&quot;,&quot;pause_on_hover&quot;:&quot;yes&quot;,&quot;pause_on_interaction&quot;:&quot;yes&quot;,&quot;infinite&quot;:&quot;yes&quot;,&quot;effect&quot;:&quot;slide&quot;,&quot;speed&quot;:500}\" data-widget_type=\"image-carousel.default\">\n\t\t\t\t<div class=\"elementor-widget-container\">\n\t\t\t<style>\/*! elementor - v3.7.2 - 21-08-2022 *\/\n.elementor-widget-image-carousel .swiper-container{position:static}.elementor-widget-image-carousel .swiper-container .swiper-slide figure{line-height:inherit}.elementor-widget-image-carousel .swiper-slide{text-align:center}.elementor-image-carousel-wrapper:not(.swiper-container-initialized) .swiper-slide{max-width:calc(100% \/ var(--e-image-carousel-slides-to-show, 3))}<\/style>\t\t<div class=\"elementor-image-carousel-wrapper swiper-container\" dir=\"ltr\">\n\t\t\t<div class=\"elementor-image-carousel swiper-wrapper\">\n\t\t\t\t\t\t\t\t<div class=\"swiper-slide\"><figure class=\"swiper-slide-inner\"><img class=\"swiper-slide-image swiper-lazy\" data-src=\"https:\/\/twardowski-lviv.org\/wp-content\/uploads\/2022\/08\/2018-02-10-12.16.20-768x574.jpg\" alt=\"2018-02-10 12.16.20\" \/><div class=\"swiper-lazy-preloader\"><\/div><\/figure><\/div><div class=\"swiper-slide\"><figure class=\"swiper-slide-inner\"><img class=\"swiper-slide-image swiper-lazy\" data-src=\"https:\/\/twardowski-lviv.org\/wp-content\/uploads\/2022\/08\/2018-02-10-12.44.50-768x574.jpg\" alt=\"2018-02-10 12.44.50\" \/><div class=\"swiper-lazy-preloader\"><\/div><\/figure><\/div><div class=\"swiper-slide\"><figure class=\"swiper-slide-inner\"><img class=\"swiper-slide-image swiper-lazy\" data-src=\"https:\/\/twardowski-lviv.org\/wp-content\/uploads\/2022\/08\/2018-02-11-09.23.59-768x574.jpg\" alt=\"2018-02-11 09.23.59\" \/><div class=\"swiper-lazy-preloader\"><\/div><\/figure><\/div><div class=\"swiper-slide\"><figure class=\"swiper-slide-inner\"><img class=\"swiper-slide-image swiper-lazy\" data-src=\"https:\/\/twardowski-lviv.org\/wp-content\/uploads\/2022\/08\/DSC5918-768x509.jpg\" alt=\"_DSC5918\" \/><div class=\"swiper-lazy-preloader\"><\/div><\/figure><\/div><div class=\"swiper-slide\"><figure class=\"swiper-slide-inner\"><img class=\"swiper-slide-image swiper-lazy\" data-src=\"https:\/\/twardowski-lviv.org\/wp-content\/uploads\/2022\/08\/DSC5923-768x509.jpg\" alt=\"_DSC5923\" \/><div class=\"swiper-lazy-preloader\"><\/div><\/figure><\/div><div class=\"swiper-slide\"><figure class=\"swiper-slide-inner\"><img class=\"swiper-slide-image swiper-lazy\" data-src=\"https:\/\/twardowski-lviv.org\/wp-content\/uploads\/2022\/08\/DSC5961-768x509.jpg\" alt=\"_DSC5961\" \/><div class=\"swiper-lazy-preloader\"><\/div><\/figure><\/div><div class=\"swiper-slide\"><figure class=\"swiper-slide-inner\"><img class=\"swiper-slide-image swiper-lazy\" data-src=\"https:\/\/twardowski-lviv.org\/wp-content\/uploads\/2022\/08\/P1060670-768x576.jpg\" alt=\"P1060670\" \/><div class=\"swiper-lazy-preloader\"><\/div><\/figure><\/div><div class=\"swiper-slide\"><figure class=\"swiper-slide-inner\"><img class=\"swiper-slide-image swiper-lazy\" data-src=\"https:\/\/twardowski-lviv.org\/wp-content\/uploads\/2022\/08\/P1060799-768x576.jpg\" alt=\"P1060799\" \/><div class=\"swiper-lazy-preloader\"><\/div><\/figure><\/div>\t\t\t<\/div>\n\t\t\t\t\t\t\t\t\t\t\t\t<div class=\"swiper-pagination\"><\/div>\n\t\t\t\t\t\t\t\t\t\t\t\t\t<\/div>\n\t\t\t\t<\/div>\n\t\t\t\t<\/div>\n\t\t\t\t\t<\/div>\n\t\t<\/div>\n\t\t\t\t\t\t\t<\/div>\n\t\t<\/section>\n\t\t\t\t\t\t\t<\/div>","protected":false},"excerpt":{"rendered":"<p>Colloquium in memoriam of Kazimierz Twardowski &#8220;Colloquium in memoriam of Kazimierz Twardowski&#8221; was an annual conference initiated by the well-known researcher of the Lviv-Warsaw school \u2013 Borys Dombrovski, which regularly took place in Lviv in 1988-2018 on the anniversary of the death of Kazimierz Twardowski \u2013 11th of February. From 2003, the main organizer of [&hellip;]<\/p>","protected":false},"author":1,"featured_media":0,"parent":0,"menu_order":0,"comment_status":"closed","ping_status":"closed","template":"elementor_canvas","meta":{"_mi_skip_tracking":false},"aioseo_notices":[],"_links":{"self":[{"href":"https:\/\/twardowski-lviv.org\/pl\/wp-json\/wp\/v2\/pages\/135"}],"collection":[{"href":"https:\/\/twardowski-lviv.org\/pl\/wp-json\/wp\/v2\/pages"}],"about":[{"href":"https:\/\/twardowski-lviv.org\/pl\/wp-json\/wp\/v2\/types\/page"}],"author":[{"embeddable":true,"href":"https:\/\/twardowski-lviv.org\/pl\/wp-json\/wp\/v2\/users\/1"}],"replies":[{"embeddable":true,"href":"https:\/\/twardowski-lviv.org\/pl\/wp-json\/wp\/v2\/comments?post=135"}],"version-history":[{"count":41,"href":"https:\/\/twardowski-lviv.org\/pl\/wp-json\/wp\/v2\/pages\/135\/revisions"}],"predecessor-version":[{"id":686,"href":"https:\/\/twardowski-lviv.org\/pl\/wp-json\/wp\/v2\/pages\/135\/revisions\/686"}],"wp:attachment":[{"href":"https:\/\/twardowski-lviv.org\/pl\/wp-json\/wp\/v2\/media?parent=135"}],"curies":[{"name":"wp","href":"https:\/\/api.w.org\/{rel}","templated":true}]}}