{"id":137,"date":"2022-08-24T03:50:14","date_gmt":"2022-08-24T03:50:14","guid":{"rendered":"https:\/\/twardowski-lviv.org\/?page_id=137"},"modified":"2023-04-09T16:36:45","modified_gmt":"2023-04-09T16:36:45","slug":"philosophy-workshops","status":"publish","type":"page","link":"https:\/\/twardowski-lviv.org\/pl\/philosophy-workshops\/","title":{"rendered":"Warsztaty Filozoficzne"},"content":{"rendered":"<div data-elementor-type=\"wp-page\" data-elementor-id=\"137\" class=\"elementor elementor-137\">\n\t\t\t\t\t\t\t\t\t<section class=\"elementor-section elementor-top-section elementor-element elementor-element-2824144 elementor-section-boxed elementor-section-height-default elementor-section-height-default\" data-id=\"2824144\" data-element_type=\"section\">\n\t\t\t\t\t\t<div class=\"elementor-container elementor-column-gap-default\">\n\t\t\t\t\t<div class=\"elementor-column elementor-col-100 elementor-top-column elementor-element elementor-element-13fc9a3\" data-id=\"13fc9a3\" data-element_type=\"column\">\n\t\t\t<div class=\"elementor-widget-wrap elementor-element-populated\">\n\t\t\t\t\t\t\t\t<div class=\"elementor-element elementor-element-91688b5 elementor-widget elementor-widget-image\" data-id=\"91688b5\" data-element_type=\"widget\" data-widget_type=\"image.default\">\n\t\t\t\t<div class=\"elementor-widget-container\">\n\t\t\t<style>\/*! elementor - v3.7.2 - 21-08-2022 *\/\n.elementor-widget-image{text-align:center}.elementor-widget-image a{display:inline-block}.elementor-widget-image a img[src$=\".svg\"]{width:48px}.elementor-widget-image img{vertical-align:middle;display:inline-block}<\/style>\t\t\t\t\t\t\t\t\t\t\t\t<img width=\"325\" height=\"159\" src=\"https:\/\/twardowski-lviv.org\/wp-content\/uploads\/2022\/08\/ltf-pl.png\" class=\"attachment-large size-large\" alt=\"\" loading=\"lazy\" srcset=\"https:\/\/twardowski-lviv.org\/wp-content\/uploads\/2022\/08\/ltf-pl.png 379w, https:\/\/twardowski-lviv.org\/wp-content\/uploads\/2022\/08\/ltf-pl-300x126.png 300w, https:\/\/twardowski-lviv.org\/wp-content\/uploads\/2022\/08\/ltf-pl-18x8.png 18w\" sizes=\"(max-width: 325px) 100vw, 325px\" \/>\t\t\t\t\t\t\t\t\t\t\t\t\t\t\t<\/div>\n\t\t\t\t<\/div>\n\t\t\t\t\t<\/div>\n\t\t<\/div>\n\t\t\t\t\t\t\t<\/div>\n\t\t<\/section>\n\t\t\t\t<section class=\"elementor-section elementor-top-section elementor-element elementor-element-c95f7ac elementor-section-boxed elementor-section-height-default elementor-section-height-default\" data-id=\"c95f7ac\" data-element_type=\"section\">\n\t\t\t\t\t\t<div class=\"elementor-container elementor-column-gap-default\">\n\t\t\t\t\t<div class=\"elementor-column elementor-col-100 elementor-top-column elementor-element elementor-element-771d0d5\" data-id=\"771d0d5\" data-element_type=\"column\">\n\t\t\t<div class=\"elementor-widget-wrap elementor-element-populated\">\n\t\t\t\t\t\t\t\t<div class=\"elementor-element elementor-element-dace7ec elementor-widget elementor-widget-heading\" data-id=\"dace7ec\" data-element_type=\"widget\" data-widget_type=\"heading.default\">\n\t\t\t\t<div class=\"elementor-widget-container\">\n\t\t\t<style>\/*! elementor - v3.7.2 - 21-08-2022 *\/\n.elementor-heading-title{padding:0;margin:0;line-height:1}.elementor-widget-heading .elementor-heading-title[class*=elementor-size-]>a{color:inherit;font-size:inherit;line-height:inherit}.elementor-widget-heading .elementor-heading-title.elementor-size-small{font-size:15px}.elementor-widget-heading .elementor-heading-title.elementor-size-medium{font-size:19px}.elementor-widget-heading .elementor-heading-title.elementor-size-large{font-size:29px}.elementor-widget-heading .elementor-heading-title.elementor-size-xl{font-size:39px}.elementor-widget-heading .elementor-heading-title.elementor-size-xxl{font-size:59px}<\/style><h2 class=\"elementor-heading-title elementor-size-default\">Warsztaty Filozoficzne<\/h2>\t\t<\/div>\n\t\t\t\t<\/div>\n\t\t\t\t<div class=\"elementor-element elementor-element-f7f526b elementor-widget elementor-widget-text-editor\" data-id=\"f7f526b\" data-element_type=\"widget\" data-widget_type=\"text-editor.default\">\n\t\t\t\t<div class=\"elementor-widget-container\">\n\t\t\t<style>\/*! elementor - v3.7.2 - 21-08-2022 *\/\n.elementor-widget-text-editor.elementor-drop-cap-view-stacked .elementor-drop-cap{background-color:#818a91;color:#fff}.elementor-widget-text-editor.elementor-drop-cap-view-framed .elementor-drop-cap{color:#818a91;border:3px solid;background-color:transparent}.elementor-widget-text-editor:not(.elementor-drop-cap-view-default) .elementor-drop-cap{margin-top:8px}.elementor-widget-text-editor:not(.elementor-drop-cap-view-default) .elementor-drop-cap-letter{width:1em;height:1em}.elementor-widget-text-editor .elementor-drop-cap{float:left;text-align:center;line-height:1;font-size:50px}.elementor-widget-text-editor .elementor-drop-cap-letter{display:inline-block}<\/style>\t\t\t\t<p>Warsztaty Filozoficzne organizowane s\u0105 przez Centrum Bada\u0144 nad tradycj\u0105 Szko\u0142y Lwowsko-Warszawskiej we wsp\u00f3\u0142pracy z Lwowskim Towarzystwem Filozoficznym im. Kazimierza Twardowskiego. Skierowane s\u0105 przede wszystkim do m\u0142odych adept\u00f3w filozofii (doktorant\u00f3w, student\u00f3w, a tak\u017ce uczni\u00f3w szk\u00f3\u0142 \u015brednich).<\/p><p>Warsztaty Filozoficzne organizowane s\u0105 przez Centrum Bada\u0144 nad tradycj\u0105 Szko\u0142y Lwowsko-Warszawskiej we wsp\u00f3\u0142pracy z Lwowskim Towarzystwem Filozoficznym im. Kazimierza Twardowskiego. Skierowane s\u0105 przede wszystkim do m\u0142odych adept\u00f3w filozofii (doktorant\u00f3w, student\u00f3w, a tak\u017ce uczni\u00f3w szk\u00f3\u0142 \u015brednich).<\/p><p>W lutym 1939 roku, w rok po \u015bmierci mistrza, uczniowie Twardowskiego zorganizowali we Lwowie uroczyste spotkanie wspomnieniowe. Kolejne rocznice nie by\u0142y obchodzone uroczy\u015bcie z powodu wybuchu wojny, jednak w latach powojennych cz\u0119\u015b\u0107 uczni\u00f3w mia\u0142a w zwyczaju pisa\u0107 do siebie kartki dla uczczenia rocznicy \u015bmieci wielkiego Profesora Filozofii. Z kolei w latach 1989-2018 odby\u0142o si\u0119 we Lwowie trzydzie\u015bci edycji Odczyt\u00f3w Filozoficznych, kt\u00f3re r\u00f3wnie\u017c przypada\u0142y w lutym i mia\u0142y na celu uczczenie pami\u0119ci Twardowskiego. Warsztaty, kt\u00f3re odbywaj\u0105 si\u0119 co roku w dniach 11-14 lutego, czyli w okresie, w kt\u00f3rym przypada rocznica \u015bmierci Kazimierza Twardowskiego, maj\u0105 na celu kontynuowa\u0107 tradycje tych spotka\u0144.<\/p>\t\t\t\t\t\t<\/div>\n\t\t\t\t<\/div>\n\t\t\t\t\t<\/div>\n\t\t<\/div>\n\t\t\t\t\t\t\t<\/div>\n\t\t<\/section>\n\t\t\t\t<section class=\"elementor-section elementor-top-section elementor-element elementor-element-917f5e4 elementor-section-boxed elementor-section-height-default elementor-section-height-default\" data-id=\"917f5e4\" data-element_type=\"section\">\n\t\t\t\t\t\t<div class=\"elementor-container elementor-column-gap-default\">\n\t\t\t\t\t<div class=\"elementor-column elementor-col-100 elementor-top-column elementor-element elementor-element-40cbb52\" data-id=\"40cbb52\" data-element_type=\"column\">\n\t\t\t<div class=\"elementor-widget-wrap elementor-element-populated\">\n\t\t\t\t\t\t\t\t<div class=\"elementor-element elementor-element-a3157ce elementor-widget elementor-widget-heading\" data-id=\"a3157ce\" data-element_type=\"widget\" data-widget_type=\"heading.default\">\n\t\t\t\t<div class=\"elementor-widget-container\">\n\t\t\t<h2 class=\"elementor-heading-title elementor-size-default\">I Warsztaty Filozoficzne:<\/h2>\t\t<\/div>\n\t\t\t\t<\/div>\n\t\t\t\t\t<\/div>\n\t\t<\/div>\n\t\t\t\t\t\t\t<\/div>\n\t\t<\/section>\n\t\t\t\t<section class=\"elementor-section elementor-top-section elementor-element elementor-element-a582525 elementor-section-boxed elementor-section-height-default elementor-section-height-default\" data-id=\"a582525\" data-element_type=\"section\">\n\t\t\t\t\t\t<div class=\"elementor-container elementor-column-gap-default\">\n\t\t\t\t\t<div class=\"elementor-column elementor-col-100 elementor-top-column elementor-element elementor-element-94caaa3\" data-id=\"94caaa3\" data-element_type=\"column\">\n\t\t\t<div class=\"elementor-widget-wrap elementor-element-populated\">\n\t\t\t\t\t\t\t\t<div class=\"elementor-element elementor-element-e1451ba elementor-widget elementor-widget-heading\" data-id=\"e1451ba\" data-element_type=\"widget\" data-widget_type=\"heading.default\">\n\t\t\t\t<div class=\"elementor-widget-container\">\n\t\t\t<h2 class=\"elementor-heading-title elementor-size-default\">(11-14.02.2021)<\/h2>\t\t<\/div>\n\t\t\t\t<\/div>\n\t\t\t\t\t<\/div>\n\t\t<\/div>\n\t\t\t\t\t\t\t<\/div>\n\t\t<\/section>\n\t\t\t\t<section class=\"elementor-section elementor-top-section elementor-element elementor-element-f136592 elementor-section-boxed elementor-section-height-default elementor-section-height-default\" data-id=\"f136592\" data-element_type=\"section\">\n\t\t\t\t\t\t<div class=\"elementor-container elementor-column-gap-default\">\n\t\t\t\t\t<div class=\"elementor-column elementor-col-100 elementor-top-column elementor-element elementor-element-a8d66b5\" data-id=\"a8d66b5\" data-element_type=\"column\">\n\t\t\t<div class=\"elementor-widget-wrap elementor-element-populated\">\n\t\t\t\t\t\t\t\t<div class=\"elementor-element elementor-element-ce75912 elementor-widget elementor-widget-heading\" data-id=\"ce75912\" data-element_type=\"widget\" data-widget_type=\"heading.default\">\n\t\t\t\t<div class=\"elementor-widget-container\">\n\t\t\t<h2 class=\"elementor-heading-title elementor-size-default\"><a href=\"https:\/\/sites.google.com\/uw.edu.pl\/philosophyworkshop\/home?authuser=1\" target=\"_blank\" rel=\"noopener\">Strona wydarzenia<\/a><\/h2>\t\t<\/div>\n\t\t\t\t<\/div>\n\t\t\t\t\t<\/div>\n\t\t<\/div>\n\t\t\t\t\t\t\t<\/div>\n\t\t<\/section>\n\t\t\t\t<section class=\"elementor-section elementor-top-section elementor-element elementor-element-fa4b788 elementor-section-boxed elementor-section-height-default elementor-section-height-default\" data-id=\"fa4b788\" data-element_type=\"section\">\n\t\t\t\t\t\t<div class=\"elementor-container elementor-column-gap-default\">\n\t\t\t\t\t<div class=\"elementor-column elementor-col-100 elementor-top-column elementor-element elementor-element-e01cc13\" data-id=\"e01cc13\" data-element_type=\"column\">\n\t\t\t<div class=\"elementor-widget-wrap elementor-element-populated\">\n\t\t\t\t\t\t\t\t<div class=\"elementor-element elementor-element-e45f39f elementor-widget elementor-widget-heading\" data-id=\"e45f39f\" data-element_type=\"widget\" data-widget_type=\"heading.default\">\n\t\t\t\t<div class=\"elementor-widget-container\">\n\t\t\t<h2 class=\"elementor-heading-title elementor-size-default\"><a href=\"https:\/\/twardowski-lviv.org\/wp-content\/uploads\/2023\/04\/ZFN71_05REP-Gradzka.pdf\" target=\"_blank\">Relacja<\/a><\/h2>\t\t<\/div>\n\t\t\t\t<\/div>\n\t\t\t\t\t<\/div>\n\t\t<\/div>\n\t\t\t\t\t\t\t<\/div>\n\t\t<\/section>\n\t\t\t\t<section class=\"elementor-section elementor-top-section elementor-element elementor-element-a124623 elementor-section-boxed elementor-section-height-default elementor-section-height-default\" data-id=\"a124623\" data-element_type=\"section\">\n\t\t\t\t\t\t<div class=\"elementor-container elementor-column-gap-default\">\n\t\t\t\t\t<div class=\"elementor-column elementor-col-100 elementor-top-column elementor-element elementor-element-5626fb3\" data-id=\"5626fb3\" data-element_type=\"column\">\n\t\t\t<div class=\"elementor-widget-wrap elementor-element-populated\">\n\t\t\t\t\t\t\t\t<div class=\"elementor-element elementor-element-dd8db85 elementor-widget elementor-widget-heading\" data-id=\"dd8db85\" data-element_type=\"widget\" data-widget_type=\"heading.default\">\n\t\t\t\t<div class=\"elementor-widget-container\">\n\t\t\t<h2 class=\"elementor-heading-title elementor-size-default\">Galeria zdj\u0119\u0107 <\/h2>\t\t<\/div>\n\t\t\t\t<\/div>\n\t\t\t\t\t<\/div>\n\t\t<\/div>\n\t\t\t\t\t\t\t<\/div>\n\t\t<\/section>\n\t\t\t\t<section class=\"elementor-section elementor-top-section elementor-element elementor-element-939abd2 elementor-section-boxed elementor-section-height-default elementor-section-height-default\" data-id=\"939abd2\" data-element_type=\"section\">\n\t\t\t\t\t\t<div class=\"elementor-container elementor-column-gap-default\">\n\t\t\t\t\t<div class=\"elementor-column elementor-col-100 elementor-top-column elementor-element elementor-element-a5988b6\" data-id=\"a5988b6\" data-element_type=\"column\">\n\t\t\t<div class=\"elementor-widget-wrap elementor-element-populated\">\n\t\t\t\t\t\t\t\t<div class=\"elementor-element elementor-element-8554e66 elementor-widget elementor-widget-image\" data-id=\"8554e66\" data-element_type=\"widget\" data-widget_type=\"image.default\">\n\t\t\t\t<div class=\"elementor-widget-container\">\n\t\t\t\t\t\t\t\t\t\t\t\t\t\t\t<img width=\"800\" height=\"398\" src=\"https:\/\/twardowski-lviv.org\/wp-content\/uploads\/2022\/10\/\u043a\u043e\u0442\u0430\u0440\u0431\u0456\u043d\u0441\u044c\u043a\u0438\u0439-1024x509.png\" class=\"attachment-large size-large\" alt=\"\" loading=\"lazy\" srcset=\"https:\/\/twardowski-lviv.org\/wp-content\/uploads\/2022\/10\/\u043a\u043e\u0442\u0430\u0440\u0431\u0456\u043d\u0441\u044c\u043a\u0438\u0439-1024x509.png 1024w, https:\/\/twardowski-lviv.org\/wp-content\/uploads\/2022\/10\/\u043a\u043e\u0442\u0430\u0440\u0431\u0456\u043d\u0441\u044c\u043a\u0438\u0439-300x149.png 300w, https:\/\/twardowski-lviv.org\/wp-content\/uploads\/2022\/10\/\u043a\u043e\u0442\u0430\u0440\u0431\u0456\u043d\u0441\u044c\u043a\u0438\u0439-768x381.png 768w, https:\/\/twardowski-lviv.org\/wp-content\/uploads\/2022\/10\/\u043a\u043e\u0442\u0430\u0440\u0431\u0456\u043d\u0441\u044c\u043a\u0438\u0439-18x9.png 18w, https:\/\/twardowski-lviv.org\/wp-content\/uploads\/2022\/10\/\u043a\u043e\u0442\u0430\u0440\u0431\u0456\u043d\u0441\u044c\u043a\u0438\u0439.png 1357w\" sizes=\"(max-width: 800px) 100vw, 800px\" \/>\t\t\t\t\t\t\t\t\t\t\t\t\t\t\t<\/div>\n\t\t\t\t<\/div>\n\t\t\t\t\t<\/div>\n\t\t<\/div>\n\t\t\t\t\t\t\t<\/div>\n\t\t<\/section>\n\t\t\t\t<section class=\"elementor-section elementor-top-section elementor-element elementor-element-8e2cac6 elementor-section-boxed elementor-section-height-default elementor-section-height-default\" data-id=\"8e2cac6\" data-element_type=\"section\">\n\t\t\t\t\t\t<div class=\"elementor-container elementor-column-gap-default\">\n\t\t\t\t\t<div class=\"elementor-column elementor-col-100 elementor-top-column elementor-element elementor-element-bbe4747\" data-id=\"bbe4747\" data-element_type=\"column\">\n\t\t\t<div class=\"elementor-widget-wrap elementor-element-populated\">\n\t\t\t\t\t\t\t\t<div class=\"elementor-element elementor-element-dfcbc5d elementor-widget elementor-widget-heading\" data-id=\"dfcbc5d\" data-element_type=\"widget\" data-widget_type=\"heading.default\">\n\t\t\t\t<div class=\"elementor-widget-container\">\n\t\t\t<h2 class=\"elementor-heading-title elementor-size-default\">II Warsztaty Filozoficzne:<\/h2>\t\t<\/div>\n\t\t\t\t<\/div>\n\t\t\t\t\t<\/div>\n\t\t<\/div>\n\t\t\t\t\t\t\t<\/div>\n\t\t<\/section>\n\t\t\t\t<section class=\"elementor-section elementor-top-section elementor-element elementor-element-0391d76 elementor-section-boxed elementor-section-height-default elementor-section-height-default\" data-id=\"0391d76\" data-element_type=\"section\">\n\t\t\t\t\t\t<div class=\"elementor-container elementor-column-gap-default\">\n\t\t\t\t\t<div class=\"elementor-column elementor-col-100 elementor-top-column elementor-element elementor-element-17d6d0c\" data-id=\"17d6d0c\" data-element_type=\"column\">\n\t\t\t<div class=\"elementor-widget-wrap elementor-element-populated\">\n\t\t\t\t\t\t\t\t<div class=\"elementor-element elementor-element-cc5d61b elementor-widget elementor-widget-heading\" data-id=\"cc5d61b\" data-element_type=\"widget\" data-widget_type=\"heading.default\">\n\t\t\t\t<div class=\"elementor-widget-container\">\n\t\t\t<h2 class=\"elementor-heading-title elementor-size-default\">(11-13.02.2022)<\/h2>\t\t<\/div>\n\t\t\t\t<\/div>\n\t\t\t\t\t<\/div>\n\t\t<\/div>\n\t\t\t\t\t\t\t<\/div>\n\t\t<\/section>\n\t\t\t\t<section class=\"elementor-section elementor-top-section elementor-element elementor-element-3dbce01 elementor-section-boxed elementor-section-height-default elementor-section-height-default\" data-id=\"3dbce01\" data-element_type=\"section\">\n\t\t\t\t\t\t<div class=\"elementor-container elementor-column-gap-default\">\n\t\t\t\t\t<div class=\"elementor-column elementor-col-100 elementor-top-column elementor-element elementor-element-f82ddd3\" data-id=\"f82ddd3\" data-element_type=\"column\">\n\t\t\t<div class=\"elementor-widget-wrap elementor-element-populated\">\n\t\t\t\t\t\t\t\t<div class=\"elementor-element elementor-element-8ff7be9 elementor-widget elementor-widget-heading\" data-id=\"8ff7be9\" data-element_type=\"widget\" data-widget_type=\"heading.default\">\n\t\t\t\t<div class=\"elementor-widget-container\">\n\t\t\t<h2 class=\"elementor-heading-title elementor-size-default\"><a href=\"https:\/\/sites.google.com\/uw.edu.pl\/philosophyworkshop\/home?authuser=1\" target=\"_blank\" rel=\"noopener\">Strona wydarzenia<\/a><\/h2>\t\t<\/div>\n\t\t\t\t<\/div>\n\t\t\t\t\t<\/div>\n\t\t<\/div>\n\t\t\t\t\t\t\t<\/div>\n\t\t<\/section>\n\t\t\t\t<section class=\"elementor-section elementor-top-section elementor-element elementor-element-7523231 elementor-section-boxed elementor-section-height-default elementor-section-height-default\" data-id=\"7523231\" data-element_type=\"section\">\n\t\t\t\t\t\t<div class=\"elementor-container elementor-column-gap-default\">\n\t\t\t\t\t<div class=\"elementor-column elementor-col-100 elementor-top-column elementor-element elementor-element-c9d7c49\" data-id=\"c9d7c49\" data-element_type=\"column\">\n\t\t\t<div class=\"elementor-widget-wrap elementor-element-populated\">\n\t\t\t\t\t\t\t\t<div class=\"elementor-element elementor-element-a4e8ac3 elementor-widget elementor-widget-heading\" data-id=\"a4e8ac3\" data-element_type=\"widget\" data-widget_type=\"heading.default\">\n\t\t\t\t<div class=\"elementor-widget-container\">\n\t\t\t<h2 class=\"elementor-heading-title elementor-size-default\">Galeria zdj\u0119\u0107 <\/h2>\t\t<\/div>\n\t\t\t\t<\/div>\n\t\t\t\t\t<\/div>\n\t\t<\/div>\n\t\t\t\t\t\t\t<\/div>\n\t\t<\/section>\n\t\t\t\t<section class=\"elementor-section elementor-top-section elementor-element elementor-element-0548582 elementor-section-boxed elementor-section-height-default elementor-section-height-default\" data-id=\"0548582\" data-element_type=\"section\">\n\t\t\t\t\t\t<div class=\"elementor-container elementor-column-gap-default\">\n\t\t\t\t\t<div class=\"elementor-column elementor-col-100 elementor-top-column elementor-element elementor-element-130ff78\" data-id=\"130ff78\" data-element_type=\"column\">\n\t\t\t<div class=\"elementor-widget-wrap elementor-element-populated\">\n\t\t\t\t\t\t\t\t<div class=\"elementor-element elementor-element-36d3924 elementor-widget elementor-widget-image\" data-id=\"36d3924\" data-element_type=\"widget\" data-widget_type=\"image.default\">\n\t\t\t\t<div class=\"elementor-widget-container\">\n\t\t\t\t\t\t\t\t\t\t\t\t\t\t\t<img width=\"800\" height=\"550\" src=\"https:\/\/twardowski-lviv.org\/wp-content\/uploads\/2022\/10\/2.jpg\" class=\"attachment-large size-large\" alt=\"\" loading=\"lazy\" srcset=\"https:\/\/twardowski-lviv.org\/wp-content\/uploads\/2022\/10\/2.jpg 993w, https:\/\/twardowski-lviv.org\/wp-content\/uploads\/2022\/10\/2-300x206.jpg 300w, https:\/\/twardowski-lviv.org\/wp-content\/uploads\/2022\/10\/2-768x528.jpg 768w, https:\/\/twardowski-lviv.org\/wp-content\/uploads\/2022\/10\/2-18x12.jpg 18w\" sizes=\"(max-width: 800px) 100vw, 800px\" \/>\t\t\t\t\t\t\t\t\t\t\t\t\t\t\t<\/div>\n\t\t\t\t<\/div>\n\t\t\t\t\t<\/div>\n\t\t<\/div>\n\t\t\t\t\t\t\t<\/div>\n\t\t<\/section>\n\t\t\t\t<section class=\"elementor-section elementor-top-section elementor-element elementor-element-b158c79 elementor-section-boxed elementor-section-height-default elementor-section-height-default\" data-id=\"b158c79\" data-element_type=\"section\">\n\t\t\t\t\t\t<div class=\"elementor-container elementor-column-gap-default\">\n\t\t\t\t\t<div class=\"elementor-column elementor-col-100 elementor-top-column elementor-element elementor-element-7be5937\" data-id=\"7be5937\" data-element_type=\"column\">\n\t\t\t<div class=\"elementor-widget-wrap elementor-element-populated\">\n\t\t\t\t\t\t\t\t<div class=\"elementor-element elementor-element-a83a24c elementor-widget elementor-widget-heading\" data-id=\"a83a24c\" data-element_type=\"widget\" data-widget_type=\"heading.default\">\n\t\t\t\t<div class=\"elementor-widget-container\">\n\t\t\t<h2 class=\"elementor-heading-title elementor-size-default\"><font style=\"vertical-align: inherit;\"><font style=\"vertical-align: inherit;\">III Warsztaty Filozoficzne:<\/font><\/font><\/h2>\t\t<\/div>\n\t\t\t\t<\/div>\n\t\t\t\t\t<\/div>\n\t\t<\/div>\n\t\t\t\t\t\t\t<\/div>\n\t\t<\/section>\n\t\t\t\t<section class=\"elementor-section elementor-top-section elementor-element elementor-element-318228c elementor-section-boxed elementor-section-height-default elementor-section-height-default\" data-id=\"318228c\" data-element_type=\"section\">\n\t\t\t\t\t\t<div class=\"elementor-container elementor-column-gap-default\">\n\t\t\t\t\t<div class=\"elementor-column elementor-col-100 elementor-top-column elementor-element elementor-element-4cea0b8\" data-id=\"4cea0b8\" data-element_type=\"column\">\n\t\t\t<div class=\"elementor-widget-wrap elementor-element-populated\">\n\t\t\t\t\t\t\t\t<div class=\"elementor-element elementor-element-6183803 elementor-widget elementor-widget-heading\" data-id=\"6183803\" data-element_type=\"widget\" data-widget_type=\"heading.default\">\n\t\t\t\t<div class=\"elementor-widget-container\">\n\t\t\t<h2 class=\"elementor-heading-title elementor-size-default\"><font style=\"vertical-align: inherit;\"><font style=\"vertical-align: inherit;\">(8-10.02.2023 <\/font><\/font><font style=\"vertical-align: inherit;\"><font style=\"vertical-align: inherit;\">)<\/font><\/font><\/h2>\t\t<\/div>\n\t\t\t\t<\/div>\n\t\t\t\t\t<\/div>\n\t\t<\/div>\n\t\t\t\t\t\t\t<\/div>\n\t\t<\/section>\n\t\t\t\t<section class=\"elementor-section elementor-top-section elementor-element elementor-element-a30dc24 elementor-section-boxed elementor-section-height-default elementor-section-height-default\" data-id=\"a30dc24\" data-element_type=\"section\">\n\t\t\t\t\t\t<div class=\"elementor-container elementor-column-gap-default\">\n\t\t\t\t\t<div class=\"elementor-column elementor-col-100 elementor-top-column elementor-element elementor-element-a47109e\" data-id=\"a47109e\" data-element_type=\"column\">\n\t\t\t<div class=\"elementor-widget-wrap elementor-element-populated\">\n\t\t\t\t\t\t\t\t<div class=\"elementor-element elementor-element-5c712eb elementor-widget elementor-widget-heading\" data-id=\"5c712eb\" data-element_type=\"widget\" data-widget_type=\"heading.default\">\n\t\t\t\t<div class=\"elementor-widget-container\">\n\t\t\t<h2 class=\"elementor-heading-title elementor-size-default\"><a href=\"https:\/\/sites.google.com\/uw.edu.pl\/warsztaty2023\/strona-g%C5%82%C3%B3wna\" target=\"_blank\" rel=\"noopener\">Strona wydarzenia<\/a><\/h2>\t\t<\/div>\n\t\t\t\t<\/div>\n\t\t\t\t\t<\/div>\n\t\t<\/div>\n\t\t\t\t\t\t\t<\/div>\n\t\t<\/section>\n\t\t\t\t<section class=\"elementor-section elementor-top-section elementor-element elementor-element-42c62a3 elementor-section-boxed elementor-section-height-default elementor-section-height-default\" data-id=\"42c62a3\" data-element_type=\"section\">\n\t\t\t\t\t\t<div class=\"elementor-container elementor-column-gap-default\">\n\t\t\t\t\t<div class=\"elementor-column elementor-col-100 elementor-top-column elementor-element elementor-element-40cb2e0\" data-id=\"40cb2e0\" data-element_type=\"column\">\n\t\t\t<div class=\"elementor-widget-wrap elementor-element-populated\">\n\t\t\t\t\t\t\t\t<div class=\"elementor-element elementor-element-66df2ac elementor-widget elementor-widget-heading\" data-id=\"66df2ac\" data-element_type=\"widget\" data-widget_type=\"heading.default\">\n\t\t\t\t<div class=\"elementor-widget-container\">\n\t\t\t<h2 class=\"elementor-heading-title elementor-size-default\">Galeria zdj\u0119\u0107 <\/h2>\t\t<\/div>\n\t\t\t\t<\/div>\n\t\t\t\t\t<\/div>\n\t\t<\/div>\n\t\t\t\t\t\t\t<\/div>\n\t\t<\/section>\n\t\t\t\t<section class=\"elementor-section elementor-top-section elementor-element elementor-element-79324fe elementor-section-boxed elementor-section-height-default elementor-section-height-default\" data-id=\"79324fe\" data-element_type=\"section\">\n\t\t\t\t\t\t<div class=\"elementor-container elementor-column-gap-default\">\n\t\t\t\t\t<div class=\"elementor-column elementor-col-100 elementor-top-column elementor-element elementor-element-ee3b94e\" data-id=\"ee3b94e\" data-element_type=\"column\">\n\t\t\t<div class=\"elementor-widget-wrap elementor-element-populated\">\n\t\t\t\t\t\t\t\t\t<\/div>\n\t\t<\/div>\n\t\t\t\t\t\t\t<\/div>\n\t\t<\/section>\n\t\t\t\t\t\t\t<\/div>","protected":false},"excerpt":{"rendered":"<p>Philosophy Workshops Philosophy Workshops are organized by The Lvov-Warsaw School Research Center (Warsaw) in cooperation with Kazimierz Twardowski Philosophical Society of Lviv. They are intended first of all for young philosophy learners: undergraduate and graduate students, as well as high school pupils. Workshops refer to the tradition of Lviv seminars of Kazimierz Twardowski. Founder of [&hellip;]<\/p>","protected":false},"author":1,"featured_media":0,"parent":0,"menu_order":0,"comment_status":"closed","ping_status":"closed","template":"elementor_canvas","meta":{"_mi_skip_tracking":false},"aioseo_notices":[],"_links":{"self":[{"href":"https:\/\/twardowski-lviv.org\/pl\/wp-json\/wp\/v2\/pages\/137"}],"collection":[{"href":"https:\/\/twardowski-lviv.org\/pl\/wp-json\/wp\/v2\/pages"}],"about":[{"href":"https:\/\/twardowski-lviv.org\/pl\/wp-json\/wp\/v2\/types\/page"}],"author":[{"embeddable":true,"href":"https:\/\/twardowski-lviv.org\/pl\/wp-json\/wp\/v2\/users\/1"}],"replies":[{"embeddable":true,"href":"https:\/\/twardowski-lviv.org\/pl\/wp-json\/wp\/v2\/comments?post=137"}],"version-history":[{"count":28,"href":"https:\/\/twardowski-lviv.org\/pl\/wp-json\/wp\/v2\/pages\/137\/revisions"}],"predecessor-version":[{"id":1367,"href":"https:\/\/twardowski-lviv.org\/pl\/wp-json\/wp\/v2\/pages\/137\/revisions\/1367"}],"wp:attachment":[{"href":"https:\/\/twardowski-lviv.org\/pl\/wp-json\/wp\/v2\/media?parent=137"}],"curies":[{"name":"wp","href":"https:\/\/api.w.org\/{rel}","templated":true}]}}